{"id":11243,"date":"2020-09-29T06:43:37","date_gmt":"2020-09-29T06:43:37","guid":{"rendered":"https:\/\/demo.goodlayers.com\/u\/confera\/businessboostup\/?page_id=11243"},"modified":"2024-01-31T12:22:33","modified_gmt":"2024-01-31T11:22:33","slug":"about-us","status":"publish","type":"page","link":"https:\/\/www.slovakroastingmasters.sk\/?page_id=11243","title":{"rendered":"O n\u00e1s"},"content":{"rendered":"\n<p class=\"has-text-align-left\"><\/p>\n\n\n\n<div style=\"height:16px\" aria-hidden=\"true\" class=\"wp-block-spacer\"><\/div>\n\n\n\n<div class=\"wp-block-media-text is-stacked-on-mobile\"><figure class=\"wp-block-media-text__media\"><img loading=\"lazy\" decoding=\"async\" width=\"1024\" height=\"683\" src=\"https:\/\/www.slovakroastingmasters.sk\/wp-content\/uploads\/2024\/01\/DSC08750-1024x683.jpg\" alt=\"\" class=\"wp-image-12358 size-full\" srcset=\"https:\/\/www.slovakroastingmasters.sk\/wp-content\/uploads\/2024\/01\/DSC08750-1024x683.jpg 1024w, https:\/\/www.slovakroastingmasters.sk\/wp-content\/uploads\/2024\/01\/DSC08750-300x200.jpg 300w, https:\/\/www.slovakroastingmasters.sk\/wp-content\/uploads\/2024\/01\/DSC08750-768x512.jpg 768w, https:\/\/www.slovakroastingmasters.sk\/wp-content\/uploads\/2024\/01\/DSC08750-1536x1024.jpg 1536w, https:\/\/www.slovakroastingmasters.sk\/wp-content\/uploads\/2024\/01\/DSC08750-2048x1366.jpg 2048w\" sizes=\"(max-width: 1024px) 100vw, 1024px\" \/><\/figure><div class=\"wp-block-media-text__content\">\n<p class=\"has-text-align-left\">M\u00e1me 17 rokov sk\u00fasenost\u00ed s organizovan\u00edm r\u00f4znych eventov a festivalov. Jedn\u00fdm z nich je aj festival K\u00e1va \u010caj \u010cokol\u00e1da.<\/p>\n\n\n\n<p class=\"has-text-align-left\"><strong><em>Po\u010fte s nami objavova\u0165 umenie pra\u017eenia k\u00e1vy v s\u00fa\u0165a\u017ei Slovak Roasting Masters! <\/em><\/strong><\/p>\n\n\n\n<p class=\"has-text-align-left\">S\u00fa\u0165a\u017e Slovak Roasting Masters je viac ne\u017e len s\u00fa\u0165a\u017eou v pra\u017een\u00ed k\u00e1vy \u2013 je to platforma pre t\u00fdch, ktor\u00ed sa chc\u00fa u\u010di\u0165, in\u0161pirova\u0165 a predov\u0161etk\u00fdm pra\u017ei\u0165 k\u00e1vu na najvy\u0161\u0161ej \u00farovni. Sme hrd\u00ed na to, \u017ee prin\u00e1\u0161ame komunite nielen t\u00fato s\u00fa\u0165a\u017e, ale aj festival K\u00e1va \u010caj \u010cokol\u00e1da, kde sa stret\u00e1vaj\u00fa v\u0161etci milovn\u00edci chut\u00ed a v\u00f4n\u00ed, kvalitnej k\u00e1vy, \u010derstv\u00e9ho \u010daju a chutnej \u010dokol\u00e1dy. <\/p>\n\n\n\n<p class=\"has-text-align-left\">Pridajte sa k n\u00e1m a bu\u010fte s\u00fa\u010das\u0165ou n\u00e1\u0161ho pr\u00edbehu!<\/p>\n<\/div><\/div>\n","protected":false},"excerpt":{"rendered":"<p>M\u00e1me 17 rokov sk\u00fasenost\u00ed s organizovan\u00edm r\u00f4znych eventov a festivalov. Jedn\u00fdm z nich je aj festival K\u00e1va \u010caj \u010cokol\u00e1da. Po\u010fte s nami objavova\u0165 umenie pra\u017eenia k\u00e1vy v s\u00fa\u0165a\u017ei Slovak Roasting Masters! S\u00fa\u0165a\u017e Slovak Roasting Masters je viac ne\u017e len s\u00fa\u0165a\u017eou v pra\u017een\u00ed k\u00e1vy \u2013 je to platforma pre t\u00fdch, ktor\u00ed sa chc\u00fa u\u010di\u0165, in\u0161pirova\u0165 a [&hellip;]<\/p>\n","protected":false},"author":1,"featured_media":0,"parent":0,"menu_order":0,"comment_status":"closed","ping_status":"closed","template":"","meta":{"_monsterinsights_skip_tracking":false,"_monsterinsights_sitenote_active":false,"_monsterinsights_sitenote_note":"","_monsterinsights_sitenote_category":0,"footnotes":""},"yoast_head":"<!-- This site is optimized with the Yoast SEO plugin v21.8.1 - https:\/\/yoast.com\/wordpress\/plugins\/seo\/ -->\n<title>O n\u00e1s - Slovak Roasting Masters<\/title>\n<meta name=\"robots\" content=\"index, follow, max-snippet:-1, max-image-preview:large, max-video-preview:-1\" \/>\n<link rel=\"canonical\" href=\"https:\/\/www.slovakroastingmasters.sk\/?page_id=11243\" \/>\n<meta property=\"og:locale\" content=\"sk_SK\" \/>\n<meta property=\"og:type\" content=\"article\" \/>\n<meta property=\"og:title\" content=\"O n\u00e1s - Slovak Roasting Masters\" \/>\n<meta property=\"og:description\" content=\"M\u00e1me 17 rokov sk\u00fasenost\u00ed s organizovan\u00edm r\u00f4znych eventov a festivalov. Jedn\u00fdm z nich je aj festival K\u00e1va \u010caj \u010cokol\u00e1da. Po\u010fte s nami objavova\u0165 umenie pra\u017eenia k\u00e1vy v s\u00fa\u0165a\u017ei Slovak Roasting Masters! S\u00fa\u0165a\u017e Slovak Roasting Masters je viac ne\u017e len s\u00fa\u0165a\u017eou v pra\u017een\u00ed k\u00e1vy \u2013 je to platforma pre t\u00fdch, ktor\u00ed sa chc\u00fa u\u010di\u0165, in\u0161pirova\u0165 a [&hellip;]\" \/>\n<meta property=\"og:url\" content=\"https:\/\/www.slovakroastingmasters.sk\/?page_id=11243\" \/>\n<meta property=\"og:site_name\" content=\"Slovak Roasting Masters\" \/>\n<meta property=\"article:publisher\" content=\"https:\/\/www.facebook.com\/KavaCajCokolada\" \/>\n<meta property=\"article:modified_time\" content=\"2024-01-31T11:22:33+00:00\" \/>\n<meta property=\"og:image\" content=\"https:\/\/www.slovakroastingmasters.sk\/wp-content\/uploads\/2024\/01\/DSC08750-1024x683.jpg\" \/>\n<meta name=\"twitter:card\" content=\"summary_large_image\" \/>\n<meta name=\"twitter:label1\" content=\"Predpokladan\u00fd \u010das \u010d\u00edtania\" \/>\n\t<meta name=\"twitter:data1\" content=\"6 min\u00fat\" \/>\n<script type=\"application\/ld+json\" class=\"yoast-schema-graph\">{\"@context\":\"https:\/\/schema.org\",\"@graph\":[{\"@type\":\"WebPage\",\"@id\":\"https:\/\/www.slovakroastingmasters.sk\/?page_id=11243\",\"url\":\"https:\/\/www.slovakroastingmasters.sk\/?page_id=11243\",\"name\":\"O n\u00e1s - Slovak Roasting Masters\",\"isPartOf\":{\"@id\":\"https:\/\/www.slovakroastingmasters.sk\/#website\"},\"datePublished\":\"2020-09-29T06:43:37+00:00\",\"dateModified\":\"2024-01-31T11:22:33+00:00\",\"breadcrumb\":{\"@id\":\"https:\/\/www.slovakroastingmasters.sk\/?page_id=11243#breadcrumb\"},\"inLanguage\":\"sk-SK\",\"potentialAction\":[{\"@type\":\"ReadAction\",\"target\":[\"https:\/\/www.slovakroastingmasters.sk\/?page_id=11243\"]}]},{\"@type\":\"BreadcrumbList\",\"@id\":\"https:\/\/www.slovakroastingmasters.sk\/?page_id=11243#breadcrumb\",\"itemListElement\":[{\"@type\":\"ListItem\",\"position\":1,\"name\":\"Home\",\"item\":\"https:\/\/www.slovakroastingmasters.sk\/\"},{\"@type\":\"ListItem\",\"position\":2,\"name\":\"O n\u00e1s\"}]},{\"@type\":\"WebSite\",\"@id\":\"https:\/\/www.slovakroastingmasters.sk\/#website\",\"url\":\"https:\/\/www.slovakroastingmasters.sk\/\",\"name\":\"Slovak Roasting Masters\",\"description\":\"Slovak Roasting Masters - S\u00fa\u0165a\u017e pre profesion\u00e1lnych a amat\u00e9rskych pra\u017eiarov.\",\"publisher\":{\"@id\":\"https:\/\/www.slovakroastingmasters.sk\/#organization\"},\"potentialAction\":[{\"@type\":\"SearchAction\",\"target\":{\"@type\":\"EntryPoint\",\"urlTemplate\":\"https:\/\/www.slovakroastingmasters.sk\/?s={search_term_string}\"},\"query-input\":\"required name=search_term_string\"}],\"inLanguage\":\"sk-SK\"},{\"@type\":\"Organization\",\"@id\":\"https:\/\/www.slovakroastingmasters.sk\/#organization\",\"name\":\"Slovak Roasting Masters\",\"url\":\"https:\/\/www.slovakroastingmasters.sk\/\",\"logo\":{\"@type\":\"ImageObject\",\"inLanguage\":\"sk-SK\",\"@id\":\"https:\/\/www.slovakroastingmasters.sk\/#\/schema\/logo\/image\/\",\"url\":\"https:\/\/www.slovakroastingmasters.sk\/wp-content\/uploads\/2024\/01\/SlovakRoastingMasters_logo_black.png\",\"contentUrl\":\"https:\/\/www.slovakroastingmasters.sk\/wp-content\/uploads\/2024\/01\/SlovakRoastingMasters_logo_black.png\",\"width\":1130,\"height\":1131,\"caption\":\"Slovak Roasting Masters\"},\"image\":{\"@id\":\"https:\/\/www.slovakroastingmasters.sk\/#\/schema\/logo\/image\/\"},\"sameAs\":[\"https:\/\/www.facebook.com\/KavaCajCokolada\"]}]}<\/script>\n<!-- \/ Yoast SEO plugin. -->","yoast_head_json":{"title":"O n\u00e1s - Slovak Roasting Masters","robots":{"index":"index","follow":"follow","max-snippet":"max-snippet:-1","max-image-preview":"max-image-preview:large","max-video-preview":"max-video-preview:-1"},"canonical":"https:\/\/www.slovakroastingmasters.sk\/?page_id=11243","og_locale":"sk_SK","og_type":"article","og_title":"O n\u00e1s - Slovak Roasting Masters","og_description":"M\u00e1me 17 rokov sk\u00fasenost\u00ed s organizovan\u00edm r\u00f4znych eventov a festivalov. Jedn\u00fdm z nich je aj festival K\u00e1va \u010caj \u010cokol\u00e1da. Po\u010fte s nami objavova\u0165 umenie pra\u017eenia k\u00e1vy v s\u00fa\u0165a\u017ei Slovak Roasting Masters! S\u00fa\u0165a\u017e Slovak Roasting Masters je viac ne\u017e len s\u00fa\u0165a\u017eou v pra\u017een\u00ed k\u00e1vy \u2013 je to platforma pre t\u00fdch, ktor\u00ed sa chc\u00fa u\u010di\u0165, in\u0161pirova\u0165 a [&hellip;]","og_url":"https:\/\/www.slovakroastingmasters.sk\/?page_id=11243","og_site_name":"Slovak Roasting Masters","article_publisher":"https:\/\/www.facebook.com\/KavaCajCokolada","article_modified_time":"2024-01-31T11:22:33+00:00","og_image":[{"url":"https:\/\/www.slovakroastingmasters.sk\/wp-content\/uploads\/2024\/01\/DSC08750-1024x683.jpg"}],"twitter_card":"summary_large_image","twitter_misc":{"Predpokladan\u00fd \u010das \u010d\u00edtania":"6 min\u00fat"},"schema":{"@context":"https:\/\/schema.org","@graph":[{"@type":"WebPage","@id":"https:\/\/www.slovakroastingmasters.sk\/?page_id=11243","url":"https:\/\/www.slovakroastingmasters.sk\/?page_id=11243","name":"O n\u00e1s - Slovak Roasting Masters","isPartOf":{"@id":"https:\/\/www.slovakroastingmasters.sk\/#website"},"datePublished":"2020-09-29T06:43:37+00:00","dateModified":"2024-01-31T11:22:33+00:00","breadcrumb":{"@id":"https:\/\/www.slovakroastingmasters.sk\/?page_id=11243#breadcrumb"},"inLanguage":"sk-SK","potentialAction":[{"@type":"ReadAction","target":["https:\/\/www.slovakroastingmasters.sk\/?page_id=11243"]}]},{"@type":"BreadcrumbList","@id":"https:\/\/www.slovakroastingmasters.sk\/?page_id=11243#breadcrumb","itemListElement":[{"@type":"ListItem","position":1,"name":"Home","item":"https:\/\/www.slovakroastingmasters.sk\/"},{"@type":"ListItem","position":2,"name":"O n\u00e1s"}]},{"@type":"WebSite","@id":"https:\/\/www.slovakroastingmasters.sk\/#website","url":"https:\/\/www.slovakroastingmasters.sk\/","name":"Slovak Roasting Masters","description":"Slovak Roasting Masters - S\u00fa\u0165a\u017e pre profesion\u00e1lnych a amat\u00e9rskych pra\u017eiarov.","publisher":{"@id":"https:\/\/www.slovakroastingmasters.sk\/#organization"},"potentialAction":[{"@type":"SearchAction","target":{"@type":"EntryPoint","urlTemplate":"https:\/\/www.slovakroastingmasters.sk\/?s={search_term_string}"},"query-input":"required name=search_term_string"}],"inLanguage":"sk-SK"},{"@type":"Organization","@id":"https:\/\/www.slovakroastingmasters.sk\/#organization","name":"Slovak Roasting Masters","url":"https:\/\/www.slovakroastingmasters.sk\/","logo":{"@type":"ImageObject","inLanguage":"sk-SK","@id":"https:\/\/www.slovakroastingmasters.sk\/#\/schema\/logo\/image\/","url":"https:\/\/www.slovakroastingmasters.sk\/wp-content\/uploads\/2024\/01\/SlovakRoastingMasters_logo_black.png","contentUrl":"https:\/\/www.slovakroastingmasters.sk\/wp-content\/uploads\/2024\/01\/SlovakRoastingMasters_logo_black.png","width":1130,"height":1131,"caption":"Slovak Roasting Masters"},"image":{"@id":"https:\/\/www.slovakroastingmasters.sk\/#\/schema\/logo\/image\/"},"sameAs":["https:\/\/www.facebook.com\/KavaCajCokolada"]}]}},"_links":{"self":[{"href":"https:\/\/www.slovakroastingmasters.sk\/index.php?rest_route=\/wp\/v2\/pages\/11243"}],"collection":[{"href":"https:\/\/www.slovakroastingmasters.sk\/index.php?rest_route=\/wp\/v2\/pages"}],"about":[{"href":"https:\/\/www.slovakroastingmasters.sk\/index.php?rest_route=\/wp\/v2\/types\/page"}],"author":[{"embeddable":true,"href":"https:\/\/www.slovakroastingmasters.sk\/index.php?rest_route=\/wp\/v2\/users\/1"}],"replies":[{"embeddable":true,"href":"https:\/\/www.slovakroastingmasters.sk\/index.php?rest_route=%2Fwp%2Fv2%2Fcomments&post=11243"}],"version-history":[{"count":4,"href":"https:\/\/www.slovakroastingmasters.sk\/index.php?rest_route=\/wp\/v2\/pages\/11243\/revisions"}],"predecessor-version":[{"id":12703,"href":"https:\/\/www.slovakroastingmasters.sk\/index.php?rest_route=\/wp\/v2\/pages\/11243\/revisions\/12703"}],"wp:attachment":[{"href":"https:\/\/www.slovakroastingmasters.sk\/index.php?rest_route=%2Fwp%2Fv2%2Fmedia&parent=11243"}],"curies":[{"name":"wp","href":"https:\/\/api.w.org\/{rel}","templated":true}]}}